{"id":5305,"date":"2023-07-21T14:38:03","date_gmt":"2023-07-21T12:38:03","guid":{"rendered":"https:\/\/www.universitybox.com\/?page_id=5305"},"modified":"2023-07-21T14:59:21","modified_gmt":"2023-07-21T12:59:21","slug":"promoter","status":"publish","type":"page","link":"https:\/\/www.universitybox.com\/en\/promoter\/","title":{"rendered":"Promoter"},"content":{"rendered":"<div data-elementor-type=\"wp-page\" data-elementor-id=\"5305\" class=\"elementor elementor-5305\" data-elementor-settings=\"{&quot;ha_cmc_init_switcher&quot;:&quot;no&quot;}\" data-elementor-post-type=\"page\">\n\t\t\t\t<div class=\"elementor-element elementor-element-e29b10b e-con-full e-flex e-con e-parent\" data-id=\"e29b10b\" data-element_type=\"container\" data-e-type=\"container\" data-settings=\"{&quot;background_background&quot;:&quot;classic&quot;,&quot;position&quot;:&quot;fixed&quot;,&quot;_ha_eqh_enable&quot;:false}\">\n\t\t\t\t<div class=\"elementor-element elementor-element-74f6b04 elementor-view-framed elementor-shape-circle elementor-widget elementor-widget-icon\" data-id=\"74f6b04\" data-element_type=\"widget\" data-e-type=\"widget\" data-widget_type=\"icon.default\">\n\t\t\t\t<div class=\"elementor-widget-container\">\n\t\t\t\t\t\t\t<div class=\"elementor-icon-wrapper\">\n\t\t\t<a class=\"elementor-icon\" href=\"https:\/\/www.universitybox.com\/en\/uboxer\/\">\n\t\t\t<i aria-hidden=\"true\" class=\"hm hm-cross\"><\/i>\t\t\t<\/a>\n\t\t<\/div>\n\t\t\t\t\t\t<\/div>\n\t\t\t\t<\/div>\n\t\t\t\t<\/div>\n\t\t<div class=\"elementor-element elementor-element-d70857f e-flex e-con-boxed e-con e-parent\" data-id=\"d70857f\" data-element_type=\"container\" data-e-type=\"container\" data-settings=\"{&quot;_ha_eqh_enable&quot;:false}\">\n\t\t\t\t\t<div class=\"e-con-inner\">\n\t\t<div class=\"elementor-element elementor-element-faeb10f e-flex e-con-boxed e-con e-child\" data-id=\"faeb10f\" data-element_type=\"container\" data-e-type=\"container\" data-settings=\"{&quot;_ha_eqh_enable&quot;:false}\">\n\t\t\t\t\t<div class=\"e-con-inner\">\n\t\t\t\t<div class=\"elementor-element elementor-element-4883239 elementor-widget elementor-widget-image\" data-id=\"4883239\" data-element_type=\"widget\" data-e-type=\"widget\" data-widget_type=\"image.default\">\n\t\t\t\t<div class=\"elementor-widget-container\">\n\t\t\t\t\t\t\t\t\t\t\t\t\t\t\t<img fetchpriority=\"high\" decoding=\"async\" width=\"525\" height=\"217\" src=\"https:\/\/www.universitybox.com\/wp-content\/uploads\/2023\/07\/promoter-page-1.png\" class=\"attachment-large size-large wp-image-5315\" alt=\"\" srcset=\"https:\/\/www.universitybox.com\/wp-content\/uploads\/2023\/07\/promoter-page-1.png 600w, https:\/\/www.universitybox.com\/wp-content\/uploads\/2023\/07\/promoter-page-1-300x124.png 300w\" sizes=\"100vw\" \/>\t\t\t\t\t\t\t\t\t\t\t\t\t\t\t<\/div>\n\t\t\t\t<\/div>\n\t\t\t\t<div class=\"elementor-element elementor-element-e3fc3a8 elementor-widget elementor-widget-heading\" data-id=\"e3fc3a8\" data-element_type=\"widget\" data-e-type=\"widget\" data-widget_type=\"heading.default\">\n\t\t\t\t<div class=\"elementor-widget-container\">\n\t\t\t\t\t<h1 class=\"elementor-heading-title elementor-size-default\">Promoter<\/h1>\t\t\t\t<\/div>\n\t\t\t\t<\/div>\n\t\t\t\t<div class=\"elementor-element elementor-element-ae74702 elementor-widget elementor-widget-text-editor\" data-id=\"ae74702\" data-element_type=\"widget\" data-e-type=\"widget\" data-widget_type=\"text-editor.default\">\n\t\t\t\t<div class=\"elementor-widget-container\">\n\t\t\t\t\t\t\t\t\t<p>UniversityBox sta cercando nuovi <strong>Promoter<\/strong>\u00a0da inserire nella propria Crew di UBoxer!<\/p><p>Candidarti come promoter ti permetter\u00e0 di partecipare attivamente a tutte le attivit\u00e0 sul territorio che Universitybox organizzer\u00e0 con i suoi brand partner come Samsung, Amazon, Enjoy e tanti altri.<br \/><br \/>Tutte le attivit\u00e0 promosse da Universitybox sono retribuite.<br \/><br \/><strong>Le mansioni del Promoter:<\/strong><\/p><ul><li>volantinaggio <\/li><li>gestione postazione fisica (in caso di evento)<\/li><li>illustrare il brand\/ prodotti oggetto dell\u2019evento<\/li><li>rispondere alle domande dei possibili clienti<\/li><\/ul><p><strong>I requisiti necessari per candidarti come promoter sono:<\/strong><\/p><ul><li>dinamicit\u00e0 <\/li><li>proattivit\u00e0<\/li><li>capacit\u00e0 di lavorare in team<\/li><li>capacit\u00e0 comunicative<\/li><\/ul><p><strong>UniversityBox supporter\u00e0 il Promoter tramite:<\/strong><\/p><ul><li>condivisione linee guida attivit\u00e0 da svolgere <\/li><li>referente al quale rivolgersi per eventuali dubbi e\/o domande<\/li><\/ul>\t\t\t\t\t\t\t\t<\/div>\n\t\t\t\t<\/div>\n\t\t\t\t\t<\/div>\n\t\t\t\t<\/div>\n\t\t\t\t\t<\/div>\n\t\t\t\t<\/div>\n\t\t<div class=\"elementor-element elementor-element-d9736a9 e-flex e-con-boxed e-con e-parent\" data-id=\"d9736a9\" data-element_type=\"container\" data-e-type=\"container\" data-settings=\"{&quot;background_background&quot;:&quot;gradient&quot;,&quot;position&quot;:&quot;fixed&quot;,&quot;_ha_eqh_enable&quot;:false}\">\n\t\t\t\t\t<div class=\"e-con-inner\">\n\t\t\t\t<div class=\"elementor-element elementor-element-9ad4699 elementor-align-center elementor-widget elementor-widget-button\" data-id=\"9ad4699\" data-element_type=\"widget\" data-e-type=\"widget\" data-widget_type=\"button.default\">\n\t\t\t\t<div class=\"elementor-widget-container\">\n\t\t\t\t\t\t\t\t\t<div class=\"elementor-button-wrapper\">\n\t\t\t\t\t<a class=\"elementor-button elementor-button-link elementor-size-sm\" href=\"https:\/\/community.universitybox.com\/login?redirect=\/profile\/promoter\/application\/form\">\n\t\t\t\t\t\t<span class=\"elementor-button-content-wrapper\">\n\t\t\t\t\t\t\t\t\t<span class=\"elementor-button-text\">Candidati<\/span>\n\t\t\t\t\t<\/span>\n\t\t\t\t\t<\/a>\n\t\t\t\t<\/div>\n\t\t\t\t\t\t\t\t<\/div>\n\t\t\t\t<\/div>\n\t\t\t\t\t<\/div>\n\t\t\t\t<\/div>\n\t\t\t\t<\/div>","protected":false},"excerpt":{"rendered":"<p>Promoter UniversityBox sta cercando nuovi Promoter\u00a0da inserire nella propria Crew di UBoxer! Candidarti come promoter ti permetter\u00e0 di partecipare attivamente a tutte le attivit\u00e0 sul territorio che Universitybox organizzer\u00e0 con i suoi brand partner come Samsung, Amazon, Enjoy e tanti altri. Tutte le attivit\u00e0 promosse da Universitybox sono retribuite. Le mansioni del Promoter: volantinaggio gestione &hellip; <\/p>\n<p class=\"link-more\"><a href=\"https:\/\/www.universitybox.com\/en\/promoter\/\" class=\"more-link\">Continue reading<span class=\"screen-reader-text\"> &#8220;Promoter&#8221;<\/span><\/a><\/p>","protected":false},"author":1,"featured_media":0,"parent":0,"menu_order":0,"comment_status":"closed","ping_status":"closed","template":"elementor_canvas","meta":{"footnotes":""},"class_list":["post-5305","page","type-page","status-publish","hentry"],"yoast_head":"<!-- This site is optimized with the Yoast SEO plugin v27.4 - https:\/\/yoast.com\/product\/yoast-seo-wordpress\/ -->\n<title>Promoter - UniversityBox<\/title>\n<meta name=\"robots\" content=\"index, follow, max-snippet:-1, max-image-preview:large, max-video-preview:-1\" \/>\n<link rel=\"canonical\" href=\"https:\/\/www.universitybox.com\/en\/promoter\/\" \/>\n<meta property=\"og:locale\" content=\"en_GB\" \/>\n<meta property=\"og:type\" content=\"article\" \/>\n<meta property=\"og:title\" content=\"Promoter - UniversityBox\" \/>\n<meta property=\"og:description\" content=\"Promoter UniversityBox sta cercando nuovi Promoter\u00a0da inserire nella propria Crew di UBoxer! Candidarti come promoter ti permetter\u00e0 di partecipare attivamente a tutte le attivit\u00e0 sul territorio che Universitybox organizzer\u00e0 con i suoi brand partner come Samsung, Amazon, Enjoy e tanti altri. Tutte le attivit\u00e0 promosse da Universitybox sono retribuite. Le mansioni del Promoter: volantinaggio gestione &hellip; Continue reading &quot;Promoter&quot;\" \/>\n<meta property=\"og:url\" content=\"https:\/\/www.universitybox.com\/en\/promoter\/\" \/>\n<meta property=\"og:site_name\" content=\"UniversityBox\" \/>\n<meta property=\"article:modified_time\" content=\"2023-07-21T12:59:21+00:00\" \/>\n<meta property=\"og:image\" content=\"https:\/\/www.universitybox.com\/wp-content\/uploads\/2023\/07\/promoter-page-1.png\" \/>\n<meta name=\"twitter:card\" content=\"summary_large_image\" \/>\n<meta name=\"twitter:label1\" content=\"Estimated reading time\" \/>\n\t<meta name=\"twitter:data1\" content=\"1 minute\" \/>\n<script type=\"application\/ld+json\" class=\"yoast-schema-graph\">{\"@context\":\"https:\\\/\\\/schema.org\",\"@graph\":[{\"@type\":\"WebPage\",\"@id\":\"https:\\\/\\\/www.universitybox.com\\\/promoter\\\/\",\"url\":\"https:\\\/\\\/www.universitybox.com\\\/promoter\\\/\",\"name\":\"Promoter - UniversityBox\",\"isPartOf\":{\"@id\":\"https:\\\/\\\/www.universitybox.com\\\/#website\"},\"primaryImageOfPage\":{\"@id\":\"https:\\\/\\\/www.universitybox.com\\\/promoter\\\/#primaryimage\"},\"image\":{\"@id\":\"https:\\\/\\\/www.universitybox.com\\\/promoter\\\/#primaryimage\"},\"thumbnailUrl\":\"https:\\\/\\\/www.universitybox.com\\\/wp-content\\\/uploads\\\/2023\\\/07\\\/promoter-page-1.png\",\"datePublished\":\"2023-07-21T12:38:03+00:00\",\"dateModified\":\"2023-07-21T12:59:21+00:00\",\"breadcrumb\":{\"@id\":\"https:\\\/\\\/www.universitybox.com\\\/promoter\\\/#breadcrumb\"},\"inLanguage\":\"en-GB\",\"potentialAction\":[{\"@type\":\"ReadAction\",\"target\":[\"https:\\\/\\\/www.universitybox.com\\\/promoter\\\/\"]}]},{\"@type\":\"ImageObject\",\"inLanguage\":\"en-GB\",\"@id\":\"https:\\\/\\\/www.universitybox.com\\\/promoter\\\/#primaryimage\",\"url\":\"https:\\\/\\\/www.universitybox.com\\\/wp-content\\\/uploads\\\/2023\\\/07\\\/promoter-page-1.png\",\"contentUrl\":\"https:\\\/\\\/www.universitybox.com\\\/wp-content\\\/uploads\\\/2023\\\/07\\\/promoter-page-1.png\"},{\"@type\":\"BreadcrumbList\",\"@id\":\"https:\\\/\\\/www.universitybox.com\\\/promoter\\\/#breadcrumb\",\"itemListElement\":[{\"@type\":\"ListItem\",\"position\":1,\"name\":\"Home\",\"item\":\"https:\\\/\\\/www.universitybox.com\\\/\"},{\"@type\":\"ListItem\",\"position\":2,\"name\":\"Promoter\"}]},{\"@type\":\"WebSite\",\"@id\":\"https:\\\/\\\/www.universitybox.com\\\/#website\",\"url\":\"https:\\\/\\\/www.universitybox.com\\\/\",\"name\":\"UniversityBox\",\"description\":\"La community degli universitari\",\"publisher\":{\"@id\":\"https:\\\/\\\/www.universitybox.com\\\/#organization\"},\"potentialAction\":[{\"@type\":\"SearchAction\",\"target\":{\"@type\":\"EntryPoint\",\"urlTemplate\":\"https:\\\/\\\/www.universitybox.com\\\/?s={search_term_string}\"},\"query-input\":{\"@type\":\"PropertyValueSpecification\",\"valueRequired\":true,\"valueName\":\"search_term_string\"}}],\"inLanguage\":\"en-GB\"},{\"@type\":\"Organization\",\"@id\":\"https:\\\/\\\/www.universitybox.com\\\/#organization\",\"name\":\"UniversityBox\",\"url\":\"https:\\\/\\\/www.universitybox.com\\\/\",\"logo\":{\"@type\":\"ImageObject\",\"inLanguage\":\"en-GB\",\"@id\":\"https:\\\/\\\/www.universitybox.com\\\/#\\\/schema\\\/logo\\\/image\\\/\",\"url\":\"https:\\\/\\\/www.universitybox.com\\\/wp-content\\\/uploads\\\/2021\\\/10\\\/image001.png\",\"contentUrl\":\"https:\\\/\\\/www.universitybox.com\\\/wp-content\\\/uploads\\\/2021\\\/10\\\/image001.png\",\"width\":198,\"height\":198,\"caption\":\"UniversityBox\"},\"image\":{\"@id\":\"https:\\\/\\\/www.universitybox.com\\\/#\\\/schema\\\/logo\\\/image\\\/\"}}]}<\/script>\n<!-- \/ Yoast SEO plugin. -->","yoast_head_json":{"title":"Promoter - UniversityBox","robots":{"index":"index","follow":"follow","max-snippet":"max-snippet:-1","max-image-preview":"max-image-preview:large","max-video-preview":"max-video-preview:-1"},"canonical":"https:\/\/www.universitybox.com\/en\/promoter\/","og_locale":"en_GB","og_type":"article","og_title":"Promoter - UniversityBox","og_description":"Promoter UniversityBox sta cercando nuovi Promoter\u00a0da inserire nella propria Crew di UBoxer! Candidarti come promoter ti permetter\u00e0 di partecipare attivamente a tutte le attivit\u00e0 sul territorio che Universitybox organizzer\u00e0 con i suoi brand partner come Samsung, Amazon, Enjoy e tanti altri. Tutte le attivit\u00e0 promosse da Universitybox sono retribuite. Le mansioni del Promoter: volantinaggio gestione &hellip; Continue reading \"Promoter\"","og_url":"https:\/\/www.universitybox.com\/en\/promoter\/","og_site_name":"UniversityBox","article_modified_time":"2023-07-21T12:59:21+00:00","og_image":[{"url":"https:\/\/www.universitybox.com\/wp-content\/uploads\/2023\/07\/promoter-page-1.png","type":"","width":"","height":""}],"twitter_card":"summary_large_image","twitter_misc":{"Estimated reading time":"1 minute"},"schema":{"@context":"https:\/\/schema.org","@graph":[{"@type":"WebPage","@id":"https:\/\/www.universitybox.com\/promoter\/","url":"https:\/\/www.universitybox.com\/promoter\/","name":"Promoter - UniversityBox","isPartOf":{"@id":"https:\/\/www.universitybox.com\/#website"},"primaryImageOfPage":{"@id":"https:\/\/www.universitybox.com\/promoter\/#primaryimage"},"image":{"@id":"https:\/\/www.universitybox.com\/promoter\/#primaryimage"},"thumbnailUrl":"https:\/\/www.universitybox.com\/wp-content\/uploads\/2023\/07\/promoter-page-1.png","datePublished":"2023-07-21T12:38:03+00:00","dateModified":"2023-07-21T12:59:21+00:00","breadcrumb":{"@id":"https:\/\/www.universitybox.com\/promoter\/#breadcrumb"},"inLanguage":"en-GB","potentialAction":[{"@type":"ReadAction","target":["https:\/\/www.universitybox.com\/promoter\/"]}]},{"@type":"ImageObject","inLanguage":"en-GB","@id":"https:\/\/www.universitybox.com\/promoter\/#primaryimage","url":"https:\/\/www.universitybox.com\/wp-content\/uploads\/2023\/07\/promoter-page-1.png","contentUrl":"https:\/\/www.universitybox.com\/wp-content\/uploads\/2023\/07\/promoter-page-1.png"},{"@type":"BreadcrumbList","@id":"https:\/\/www.universitybox.com\/promoter\/#breadcrumb","itemListElement":[{"@type":"ListItem","position":1,"name":"Home","item":"https:\/\/www.universitybox.com\/"},{"@type":"ListItem","position":2,"name":"Promoter"}]},{"@type":"WebSite","@id":"https:\/\/www.universitybox.com\/#website","url":"https:\/\/www.universitybox.com\/","name":"UniversityBox","description":"La community degli universitari","publisher":{"@id":"https:\/\/www.universitybox.com\/#organization"},"potentialAction":[{"@type":"SearchAction","target":{"@type":"EntryPoint","urlTemplate":"https:\/\/www.universitybox.com\/?s={search_term_string}"},"query-input":{"@type":"PropertyValueSpecification","valueRequired":true,"valueName":"search_term_string"}}],"inLanguage":"en-GB"},{"@type":"Organization","@id":"https:\/\/www.universitybox.com\/#organization","name":"UniversityBox","url":"https:\/\/www.universitybox.com\/","logo":{"@type":"ImageObject","inLanguage":"en-GB","@id":"https:\/\/www.universitybox.com\/#\/schema\/logo\/image\/","url":"https:\/\/www.universitybox.com\/wp-content\/uploads\/2021\/10\/image001.png","contentUrl":"https:\/\/www.universitybox.com\/wp-content\/uploads\/2021\/10\/image001.png","width":198,"height":198,"caption":"UniversityBox"},"image":{"@id":"https:\/\/www.universitybox.com\/#\/schema\/logo\/image\/"}}]}},"_links":{"self":[{"href":"https:\/\/www.universitybox.com\/en\/wp-json\/wp\/v2\/pages\/5305","targetHints":{"allow":["GET"]}}],"collection":[{"href":"https:\/\/www.universitybox.com\/en\/wp-json\/wp\/v2\/pages"}],"about":[{"href":"https:\/\/www.universitybox.com\/en\/wp-json\/wp\/v2\/types\/page"}],"author":[{"embeddable":true,"href":"https:\/\/www.universitybox.com\/en\/wp-json\/wp\/v2\/users\/1"}],"replies":[{"embeddable":true,"href":"https:\/\/www.universitybox.com\/en\/wp-json\/wp\/v2\/comments?post=5305"}],"version-history":[{"count":7,"href":"https:\/\/www.universitybox.com\/en\/wp-json\/wp\/v2\/pages\/5305\/revisions"}],"predecessor-version":[{"id":5318,"href":"https:\/\/www.universitybox.com\/en\/wp-json\/wp\/v2\/pages\/5305\/revisions\/5318"}],"wp:attachment":[{"href":"https:\/\/www.universitybox.com\/en\/wp-json\/wp\/v2\/media?parent=5305"}],"curies":[{"name":"wp","href":"https:\/\/api.w.org\/{rel}","templated":true}]}}