{"id":5287,"date":"2023-07-21T14:19:23","date_gmt":"2023-07-21T12:19:23","guid":{"rendered":"https:\/\/www.universitybox.com\/?page_id=5287"},"modified":"2023-07-27T15:41:12","modified_gmt":"2023-07-27T13:41:12","slug":"influencer","status":"publish","type":"page","link":"https:\/\/www.universitybox.com\/en\/influencer\/","title":{"rendered":"Influencer"},"content":{"rendered":"<div data-elementor-type=\"wp-page\" data-elementor-id=\"5287\" class=\"elementor elementor-5287\" data-elementor-settings=\"{&quot;ha_cmc_init_switcher&quot;:&quot;no&quot;}\" data-elementor-post-type=\"page\">\n\t\t\t\t<div class=\"elementor-element elementor-element-e29b10b e-con-full e-flex e-con e-parent\" data-id=\"e29b10b\" data-element_type=\"container\" data-e-type=\"container\" data-settings=\"{&quot;background_background&quot;:&quot;classic&quot;,&quot;position&quot;:&quot;fixed&quot;,&quot;_ha_eqh_enable&quot;:false}\">\n\t\t\t\t<div class=\"elementor-element elementor-element-74f6b04 elementor-view-framed elementor-shape-circle elementor-widget elementor-widget-icon\" data-id=\"74f6b04\" data-element_type=\"widget\" data-e-type=\"widget\" data-widget_type=\"icon.default\">\n\t\t\t\t<div class=\"elementor-widget-container\">\n\t\t\t\t\t\t\t<div class=\"elementor-icon-wrapper\">\n\t\t\t<a class=\"elementor-icon\" href=\"https:\/\/www.universitybox.com\/en\/uboxer\/\">\n\t\t\t<i aria-hidden=\"true\" class=\"hm hm-cross\"><\/i>\t\t\t<\/a>\n\t\t<\/div>\n\t\t\t\t\t\t<\/div>\n\t\t\t\t<\/div>\n\t\t\t\t<\/div>\n\t\t<div class=\"elementor-element elementor-element-d70857f e-flex e-con-boxed e-con e-parent\" data-id=\"d70857f\" data-element_type=\"container\" data-e-type=\"container\" data-settings=\"{&quot;_ha_eqh_enable&quot;:false}\">\n\t\t\t\t\t<div class=\"e-con-inner\">\n\t\t<div class=\"elementor-element elementor-element-faeb10f e-flex e-con-boxed e-con e-child\" data-id=\"faeb10f\" data-element_type=\"container\" data-e-type=\"container\" data-settings=\"{&quot;_ha_eqh_enable&quot;:false}\">\n\t\t\t\t\t<div class=\"e-con-inner\">\n\t\t\t\t<div class=\"elementor-element elementor-element-4883239 elementor-widget elementor-widget-image\" data-id=\"4883239\" data-element_type=\"widget\" data-e-type=\"widget\" data-widget_type=\"image.default\">\n\t\t\t\t<div class=\"elementor-widget-container\">\n\t\t\t\t\t\t\t\t\t\t\t\t\t\t\t<img fetchpriority=\"high\" decoding=\"async\" width=\"525\" height=\"217\" src=\"https:\/\/www.universitybox.com\/wp-content\/uploads\/2023\/07\/influencer_collage.png\" class=\"attachment-large size-large wp-image-5259\" alt=\"\" srcset=\"https:\/\/www.universitybox.com\/wp-content\/uploads\/2023\/07\/influencer_collage.png 600w, https:\/\/www.universitybox.com\/wp-content\/uploads\/2023\/07\/influencer_collage-300x124.png 300w\" sizes=\"100vw\" \/>\t\t\t\t\t\t\t\t\t\t\t\t\t\t\t<\/div>\n\t\t\t\t<\/div>\n\t\t\t\t<div class=\"elementor-element elementor-element-e3fc3a8 elementor-widget elementor-widget-heading\" data-id=\"e3fc3a8\" data-element_type=\"widget\" data-e-type=\"widget\" data-widget_type=\"heading.default\">\n\t\t\t\t<div class=\"elementor-widget-container\">\n\t\t\t\t\t<h1 class=\"elementor-heading-title elementor-size-default\">Influencer<\/h1>\t\t\t\t<\/div>\n\t\t\t\t<\/div>\n\t\t\t\t<div class=\"elementor-element elementor-element-ae74702 elementor-widget elementor-widget-text-editor\" data-id=\"ae74702\" data-element_type=\"widget\" data-e-type=\"widget\" data-widget_type=\"text-editor.default\">\n\t\t\t\t<div class=\"elementor-widget-container\">\n\t\t\t\t\t\t\t\t\t<p>UniversityBox sta cercando nuovi <strong>Influencer<\/strong> da inserire nella propria Crew di UBoxer!<\/p><p>Candidarti come Influencer ti permetter\u00e0 di creare contenuti per le campagne di influencer marketing che UniversityBox organizzer\u00e0 con i suoi brand partner come Starbucks, Samsung, Amazon e molti altri.<\/p><p>Tutte le attivit\u00e0 promosse da UniversityBox sono retribuite.<\/p><p><strong>I requisiti necessari per candidarti come Influencer sono:<\/strong><\/p><ul><li>profilo social business o creator attivo<\/li><li>avere passioni per i social<\/li><li>avere una community con minimo 5k follower<\/li><li>essere aggiornati sui trend social attuali<\/li><li>autenticit\u00e0<\/li><li>creativit\u00e0<\/li><li>capacit\u00e0 di creare engagement<\/li><li>capacit\u00e0 di comunicazione<\/li><li>avere particolare interesse per almeno una delle seguenti categorie:<br \/>\u25cb\u00a0beauty<br \/>\u25cb\u00a0business\/politica\/attualit\u00e0<br \/>\u25cb\u00a0culture<br \/>\u25cb\u00a0fashion<br \/>\u25cb\u00a0food<br \/>\u25cb\u00a0lifestyle<br \/>\u25cb music<br \/>\u25cb\u00a0photography<br \/>\u25cb\u00a0sport<br \/>\u25cb\u00a0travel<\/li><\/ul><p><strong>UniversityBox supporter\u00e0 l\u2019Influencer tramite:<\/strong><\/p><ul><li>condivisione linee guida attivit\u00e0 da svolgere<\/li><li>referente al quale rivolgersi per eventuali dubbi e\/o domande<\/li><\/ul>\t\t\t\t\t\t\t\t<\/div>\n\t\t\t\t<\/div>\n\t\t\t\t\t<\/div>\n\t\t\t\t<\/div>\n\t\t\t\t\t<\/div>\n\t\t\t\t<\/div>\n\t\t<div class=\"elementor-element elementor-element-d9736a9 e-flex e-con-boxed e-con e-parent\" data-id=\"d9736a9\" data-element_type=\"container\" data-e-type=\"container\" data-settings=\"{&quot;background_background&quot;:&quot;gradient&quot;,&quot;position&quot;:&quot;fixed&quot;,&quot;_ha_eqh_enable&quot;:false}\">\n\t\t\t\t\t<div class=\"e-con-inner\">\n\t\t\t\t<div class=\"elementor-element elementor-element-9ad4699 elementor-align-center elementor-widget elementor-widget-button\" data-id=\"9ad4699\" data-element_type=\"widget\" data-e-type=\"widget\" data-widget_type=\"button.default\">\n\t\t\t\t<div class=\"elementor-widget-container\">\n\t\t\t\t\t\t\t\t\t<div class=\"elementor-button-wrapper\">\n\t\t\t\t\t<a class=\"elementor-button elementor-button-link elementor-size-sm\" href=\"https:\/\/community.universitybox.com\/login?redirect=\/profile\/influencer\/application\/form\">\n\t\t\t\t\t\t<span class=\"elementor-button-content-wrapper\">\n\t\t\t\t\t\t\t\t\t<span class=\"elementor-button-text\">Candidati<\/span>\n\t\t\t\t\t<\/span>\n\t\t\t\t\t<\/a>\n\t\t\t\t<\/div>\n\t\t\t\t\t\t\t\t<\/div>\n\t\t\t\t<\/div>\n\t\t\t\t\t<\/div>\n\t\t\t\t<\/div>\n\t\t\t\t<\/div>","protected":false},"excerpt":{"rendered":"<p>Influencer UniversityBox sta cercando nuovi Influencer da inserire nella propria Crew di UBoxer! Candidarti come Influencer ti permetter\u00e0 di creare contenuti per le campagne di influencer marketing che UniversityBox organizzer\u00e0 con i suoi brand partner come Starbucks, Samsung, Amazon e molti altri. Tutte le attivit\u00e0 promosse da UniversityBox sono retribuite. I requisiti necessari per candidarti &hellip; <\/p>\n<p class=\"link-more\"><a href=\"https:\/\/www.universitybox.com\/en\/influencer\/\" class=\"more-link\">Continue reading<span class=\"screen-reader-text\"> &#8220;Influencer&#8221;<\/span><\/a><\/p>","protected":false},"author":1,"featured_media":0,"parent":0,"menu_order":0,"comment_status":"closed","ping_status":"closed","template":"elementor_canvas","meta":{"footnotes":""},"class_list":["post-5287","page","type-page","status-publish","hentry"],"yoast_head":"<!-- This site is optimized with the Yoast SEO plugin v27.4 - https:\/\/yoast.com\/product\/yoast-seo-wordpress\/ -->\n<title>Influencer - UniversityBox<\/title>\n<meta name=\"robots\" content=\"index, follow, max-snippet:-1, max-image-preview:large, max-video-preview:-1\" \/>\n<link rel=\"canonical\" href=\"https:\/\/www.universitybox.com\/en\/influencer\/\" \/>\n<meta property=\"og:locale\" content=\"en_GB\" \/>\n<meta property=\"og:type\" content=\"article\" \/>\n<meta property=\"og:title\" content=\"Influencer - UniversityBox\" \/>\n<meta property=\"og:description\" content=\"Influencer UniversityBox sta cercando nuovi Influencer da inserire nella propria Crew di UBoxer! Candidarti come Influencer ti permetter\u00e0 di creare contenuti per le campagne di influencer marketing che UniversityBox organizzer\u00e0 con i suoi brand partner come Starbucks, Samsung, Amazon e molti altri. Tutte le attivit\u00e0 promosse da UniversityBox sono retribuite. I requisiti necessari per candidarti &hellip; Continue reading &quot;Influencer&quot;\" \/>\n<meta property=\"og:url\" content=\"https:\/\/www.universitybox.com\/en\/influencer\/\" \/>\n<meta property=\"og:site_name\" content=\"UniversityBox\" \/>\n<meta property=\"article:modified_time\" content=\"2023-07-27T13:41:12+00:00\" \/>\n<meta property=\"og:image\" content=\"https:\/\/www.universitybox.com\/wp-content\/uploads\/2023\/07\/influencer_collage.png\" \/>\n<meta name=\"twitter:card\" content=\"summary_large_image\" \/>\n<meta name=\"twitter:label1\" content=\"Estimated reading time\" \/>\n\t<meta name=\"twitter:data1\" content=\"1 minute\" \/>\n<script type=\"application\/ld+json\" class=\"yoast-schema-graph\">{\"@context\":\"https:\\\/\\\/schema.org\",\"@graph\":[{\"@type\":\"WebPage\",\"@id\":\"https:\\\/\\\/www.universitybox.com\\\/influencer\\\/\",\"url\":\"https:\\\/\\\/www.universitybox.com\\\/influencer\\\/\",\"name\":\"Influencer - UniversityBox\",\"isPartOf\":{\"@id\":\"https:\\\/\\\/www.universitybox.com\\\/#website\"},\"primaryImageOfPage\":{\"@id\":\"https:\\\/\\\/www.universitybox.com\\\/influencer\\\/#primaryimage\"},\"image\":{\"@id\":\"https:\\\/\\\/www.universitybox.com\\\/influencer\\\/#primaryimage\"},\"thumbnailUrl\":\"https:\\\/\\\/www.universitybox.com\\\/wp-content\\\/uploads\\\/2023\\\/07\\\/influencer_collage.png\",\"datePublished\":\"2023-07-21T12:19:23+00:00\",\"dateModified\":\"2023-07-27T13:41:12+00:00\",\"breadcrumb\":{\"@id\":\"https:\\\/\\\/www.universitybox.com\\\/influencer\\\/#breadcrumb\"},\"inLanguage\":\"en-GB\",\"potentialAction\":[{\"@type\":\"ReadAction\",\"target\":[\"https:\\\/\\\/www.universitybox.com\\\/influencer\\\/\"]}]},{\"@type\":\"ImageObject\",\"inLanguage\":\"en-GB\",\"@id\":\"https:\\\/\\\/www.universitybox.com\\\/influencer\\\/#primaryimage\",\"url\":\"https:\\\/\\\/www.universitybox.com\\\/wp-content\\\/uploads\\\/2023\\\/07\\\/influencer_collage.png\",\"contentUrl\":\"https:\\\/\\\/www.universitybox.com\\\/wp-content\\\/uploads\\\/2023\\\/07\\\/influencer_collage.png\"},{\"@type\":\"BreadcrumbList\",\"@id\":\"https:\\\/\\\/www.universitybox.com\\\/influencer\\\/#breadcrumb\",\"itemListElement\":[{\"@type\":\"ListItem\",\"position\":1,\"name\":\"Home\",\"item\":\"https:\\\/\\\/www.universitybox.com\\\/\"},{\"@type\":\"ListItem\",\"position\":2,\"name\":\"Influencer\"}]},{\"@type\":\"WebSite\",\"@id\":\"https:\\\/\\\/www.universitybox.com\\\/#website\",\"url\":\"https:\\\/\\\/www.universitybox.com\\\/\",\"name\":\"UniversityBox\",\"description\":\"La community degli universitari\",\"publisher\":{\"@id\":\"https:\\\/\\\/www.universitybox.com\\\/#organization\"},\"potentialAction\":[{\"@type\":\"SearchAction\",\"target\":{\"@type\":\"EntryPoint\",\"urlTemplate\":\"https:\\\/\\\/www.universitybox.com\\\/?s={search_term_string}\"},\"query-input\":{\"@type\":\"PropertyValueSpecification\",\"valueRequired\":true,\"valueName\":\"search_term_string\"}}],\"inLanguage\":\"en-GB\"},{\"@type\":\"Organization\",\"@id\":\"https:\\\/\\\/www.universitybox.com\\\/#organization\",\"name\":\"UniversityBox\",\"url\":\"https:\\\/\\\/www.universitybox.com\\\/\",\"logo\":{\"@type\":\"ImageObject\",\"inLanguage\":\"en-GB\",\"@id\":\"https:\\\/\\\/www.universitybox.com\\\/#\\\/schema\\\/logo\\\/image\\\/\",\"url\":\"https:\\\/\\\/www.universitybox.com\\\/wp-content\\\/uploads\\\/2021\\\/10\\\/image001.png\",\"contentUrl\":\"https:\\\/\\\/www.universitybox.com\\\/wp-content\\\/uploads\\\/2021\\\/10\\\/image001.png\",\"width\":198,\"height\":198,\"caption\":\"UniversityBox\"},\"image\":{\"@id\":\"https:\\\/\\\/www.universitybox.com\\\/#\\\/schema\\\/logo\\\/image\\\/\"}}]}<\/script>\n<!-- \/ Yoast SEO plugin. -->","yoast_head_json":{"title":"Influencer - UniversityBox","robots":{"index":"index","follow":"follow","max-snippet":"max-snippet:-1","max-image-preview":"max-image-preview:large","max-video-preview":"max-video-preview:-1"},"canonical":"https:\/\/www.universitybox.com\/en\/influencer\/","og_locale":"en_GB","og_type":"article","og_title":"Influencer - UniversityBox","og_description":"Influencer UniversityBox sta cercando nuovi Influencer da inserire nella propria Crew di UBoxer! Candidarti come Influencer ti permetter\u00e0 di creare contenuti per le campagne di influencer marketing che UniversityBox organizzer\u00e0 con i suoi brand partner come Starbucks, Samsung, Amazon e molti altri. Tutte le attivit\u00e0 promosse da UniversityBox sono retribuite. I requisiti necessari per candidarti &hellip; Continue reading \"Influencer\"","og_url":"https:\/\/www.universitybox.com\/en\/influencer\/","og_site_name":"UniversityBox","article_modified_time":"2023-07-27T13:41:12+00:00","og_image":[{"url":"https:\/\/www.universitybox.com\/wp-content\/uploads\/2023\/07\/influencer_collage.png","type":"","width":"","height":""}],"twitter_card":"summary_large_image","twitter_misc":{"Estimated reading time":"1 minute"},"schema":{"@context":"https:\/\/schema.org","@graph":[{"@type":"WebPage","@id":"https:\/\/www.universitybox.com\/influencer\/","url":"https:\/\/www.universitybox.com\/influencer\/","name":"Influencer - UniversityBox","isPartOf":{"@id":"https:\/\/www.universitybox.com\/#website"},"primaryImageOfPage":{"@id":"https:\/\/www.universitybox.com\/influencer\/#primaryimage"},"image":{"@id":"https:\/\/www.universitybox.com\/influencer\/#primaryimage"},"thumbnailUrl":"https:\/\/www.universitybox.com\/wp-content\/uploads\/2023\/07\/influencer_collage.png","datePublished":"2023-07-21T12:19:23+00:00","dateModified":"2023-07-27T13:41:12+00:00","breadcrumb":{"@id":"https:\/\/www.universitybox.com\/influencer\/#breadcrumb"},"inLanguage":"en-GB","potentialAction":[{"@type":"ReadAction","target":["https:\/\/www.universitybox.com\/influencer\/"]}]},{"@type":"ImageObject","inLanguage":"en-GB","@id":"https:\/\/www.universitybox.com\/influencer\/#primaryimage","url":"https:\/\/www.universitybox.com\/wp-content\/uploads\/2023\/07\/influencer_collage.png","contentUrl":"https:\/\/www.universitybox.com\/wp-content\/uploads\/2023\/07\/influencer_collage.png"},{"@type":"BreadcrumbList","@id":"https:\/\/www.universitybox.com\/influencer\/#breadcrumb","itemListElement":[{"@type":"ListItem","position":1,"name":"Home","item":"https:\/\/www.universitybox.com\/"},{"@type":"ListItem","position":2,"name":"Influencer"}]},{"@type":"WebSite","@id":"https:\/\/www.universitybox.com\/#website","url":"https:\/\/www.universitybox.com\/","name":"UniversityBox","description":"La community degli universitari","publisher":{"@id":"https:\/\/www.universitybox.com\/#organization"},"potentialAction":[{"@type":"SearchAction","target":{"@type":"EntryPoint","urlTemplate":"https:\/\/www.universitybox.com\/?s={search_term_string}"},"query-input":{"@type":"PropertyValueSpecification","valueRequired":true,"valueName":"search_term_string"}}],"inLanguage":"en-GB"},{"@type":"Organization","@id":"https:\/\/www.universitybox.com\/#organization","name":"UniversityBox","url":"https:\/\/www.universitybox.com\/","logo":{"@type":"ImageObject","inLanguage":"en-GB","@id":"https:\/\/www.universitybox.com\/#\/schema\/logo\/image\/","url":"https:\/\/www.universitybox.com\/wp-content\/uploads\/2021\/10\/image001.png","contentUrl":"https:\/\/www.universitybox.com\/wp-content\/uploads\/2021\/10\/image001.png","width":198,"height":198,"caption":"UniversityBox"},"image":{"@id":"https:\/\/www.universitybox.com\/#\/schema\/logo\/image\/"}}]}},"_links":{"self":[{"href":"https:\/\/www.universitybox.com\/en\/wp-json\/wp\/v2\/pages\/5287","targetHints":{"allow":["GET"]}}],"collection":[{"href":"https:\/\/www.universitybox.com\/en\/wp-json\/wp\/v2\/pages"}],"about":[{"href":"https:\/\/www.universitybox.com\/en\/wp-json\/wp\/v2\/types\/page"}],"author":[{"embeddable":true,"href":"https:\/\/www.universitybox.com\/en\/wp-json\/wp\/v2\/users\/1"}],"replies":[{"embeddable":true,"href":"https:\/\/www.universitybox.com\/en\/wp-json\/wp\/v2\/comments?post=5287"}],"version-history":[{"count":19,"href":"https:\/\/www.universitybox.com\/en\/wp-json\/wp\/v2\/pages\/5287\/revisions"}],"predecessor-version":[{"id":5325,"href":"https:\/\/www.universitybox.com\/en\/wp-json\/wp\/v2\/pages\/5287\/revisions\/5325"}],"wp:attachment":[{"href":"https:\/\/www.universitybox.com\/en\/wp-json\/wp\/v2\/media?parent=5287"}],"curies":[{"name":"wp","href":"https:\/\/api.w.org\/{rel}","templated":true}]}}